{"id":103,"date":"2025-06-23T13:43:26","date_gmt":"2025-06-23T13:43:26","guid":{"rendered":"https:\/\/ppim-insight.com\/neu\/?page_id=103"},"modified":"2025-10-17T08:39:56","modified_gmt":"2025-10-17T08:39:56","slug":"impressum","status":"publish","type":"page","link":"https:\/\/ppim-insight.com\/index.php\/impressum\/","title":{"rendered":"Impressum"},"content":{"rendered":"\n<img decoding=\"async\" src=\"https:\/\/ppim-insight.com\/wp-content\/uploads\/2025\/07\/impressum.png\" alt=\"Datenschutz\" style=\"max-width:100%; height:auto; margin-bottom: 20px;\">\n<h3><strong>Impressum<\/strong><br><\/h3>\n<br><br>\n<p><strong>PPIM Peters Immobilien UG<\/strong> \n<br>(haftungsbeschr\u00e4nkt) &amp; Co. KG<br>Nordersta\u00dfe 4a, \n<br>24568 Kaltenkirchen <br>\n<br>Vertreten durch die PPIM Peters Immobilien UG (haftungsbeschr\u00e4nkt), \n<br>diese vertreten durch den Gesch\u00e4ftsf\u00fchrer Thorsten Peters.\n<br>\n<br><strong>Kontakt:<\/strong>\n<br><strong>Email:<\/strong> peters (at) ppim-insight.com \n<br><strong>Tel:<\/strong> + 49 (0) 172 779 00 04\n<br>\n<br><strong>Handelsregister:<\/strong>\n<br>PPIM Peters Immobilien UG <br>(haftungsbeschr\u00e4nkt) &amp; Co. KG: HRA 9625 KI \n<br>PPIM Peters Immobilien UG (haftungsbeschr\u00e4nkt): HRB 11009 <br>\n<br>\n<b>Umsatzsteuer-Identifikationsnummer:<\/b> <br>\nDE 293559697 \n<\/p>\n<br>\n<br>\n","protected":false},"excerpt":{"rendered":"<p>Impressum PPIM Peters Immobilien UG (haftungsbeschr\u00e4nkt) &amp; Co. KGNordersta\u00dfe 4a, 24568 Kaltenkirchen Vertreten durch die PPIM Peters Immobilien UG (haftungsbeschr\u00e4nkt), diese vertreten durch den Gesch\u00e4ftsf\u00fchrer Thorsten<span class=\"excerpt-hellip\"> [\u2026]<\/span><\/p>\n","protected":false},"author":1,"featured_media":0,"parent":0,"menu_order":0,"comment_status":"closed","ping_status":"closed","template":"","meta":{"footnotes":""},"class_list":["post-103","page","type-page","status-publish","hentry"],"_links":{"self":[{"href":"https:\/\/ppim-insight.com\/index.php\/wp-json\/wp\/v2\/pages\/103","targetHints":{"allow":["GET"]}}],"collection":[{"href":"https:\/\/ppim-insight.com\/index.php\/wp-json\/wp\/v2\/pages"}],"about":[{"href":"https:\/\/ppim-insight.com\/index.php\/wp-json\/wp\/v2\/types\/page"}],"author":[{"embeddable":true,"href":"https:\/\/ppim-insight.com\/index.php\/wp-json\/wp\/v2\/users\/1"}],"replies":[{"embeddable":true,"href":"https:\/\/ppim-insight.com\/index.php\/wp-json\/wp\/v2\/comments?post=103"}],"version-history":[{"count":16,"href":"https:\/\/ppim-insight.com\/index.php\/wp-json\/wp\/v2\/pages\/103\/revisions"}],"predecessor-version":[{"id":151,"href":"https:\/\/ppim-insight.com\/index.php\/wp-json\/wp\/v2\/pages\/103\/revisions\/151"}],"wp:attachment":[{"href":"https:\/\/ppim-insight.com\/index.php\/wp-json\/wp\/v2\/media?parent=103"}],"curies":[{"name":"wp","href":"https:\/\/api.w.org\/{rel}","templated":true}]}}